{"id":146,"date":"2020-04-22T16:45:18","date_gmt":"2020-04-22T14:45:18","guid":{"rendered":"http:\/\/ecolesaintetheresesulniac.com\/?page_id=146"},"modified":"2022-09-04T09:39:22","modified_gmt":"2022-09-04T07:39:22","slug":"presentation-de-lecole","status":"publish","type":"page","link":"https:\/\/ecolesaintetheresesulniac.com\/index.php\/presentation-de-lecole\/","title":{"rendered":"Pr\u00e9sentation de l&#8217;\u00e9cole"},"content":{"rendered":"<div id=\"pl-146\"  class=\"panel-layout\" ><div id=\"pg-146-0\"  class=\"panel-grid panel-no-style\" ><div id=\"pgc-146-0-0\"  class=\"panel-grid-cell\" ><div id=\"panel-146-0-0-0\" class=\"so-panel widget widget_text panel-first-child panel-last-child\" data-index=\"0\" ><h3 class=\"widget-title\">Description<\/h3>\t\t\t<div class=\"textwidget\"><div class=\"et_pb_tab clearfix et_pb_active_content et_pb_tab_0 et-pb-active-slide\">\n<p>L\u2019\u00c9cole Sainte Th\u00e9r\u00e8se accueille les enfants de la Toute Petite Section (enfants ayant 2 ans) au CM2. Pour cette ann\u00e9e scolaire 2022-2023, elle se compose de :<\/p>\n<p><strong>3 classes maternelles :<\/strong><\/p>\n<ul>\n<li>1 classe de TPS \/ PS<\/li>\n<li>1 classe de MS \/ GS<\/li>\n<li>1 classe de GS \/ CP<\/li>\n<\/ul>\n<p><strong>4 classes \u00e9l\u00e9mentaires :\u00a0\u00a0<\/strong><\/p>\n<ul>\n<li>1 classe de CP\/CE1<\/li>\n<li>1 classe de CE1\/CE2<\/li>\n<li>1 classe de CE2\/CM1<\/li>\n<li>1 classe de CM2<\/li>\n<\/ul>\n<p><strong>1 poste de RASED.<\/strong><\/p>\n<p>Cette r\u00e9partition est revue chaque ann\u00e9e\u00a0en fonction des effectifs de chaque niveau.<br \/>\nLes effectifs au 01\/09\/22 sont de 190 \u00e9l\u00e8ves : 67 en maternelle et 123 en \u00e9l\u00e9mentaire.<\/p>\n<\/div>\n<\/div>\n\t\t<\/div><\/div><div id=\"pgc-146-0-1\"  class=\"panel-grid-cell\" ><div id=\"panel-146-0-1-0\" class=\"so-panel widget widget_text panel-first-child panel-last-child\" data-index=\"1\" ><h3 class=\"widget-title\">L&#8217;\u00e9quipe \u00e9ducative<\/h3>\t\t\t<div class=\"textwidget\"><div class=\"et_pb_tab clearfix et_pb_tab_2 et-pb-active-slide\">\n<p>Pilot\u00e9e par Monsieur Jean-Jacques TUAL, chef d\u2019\u00e9tablissement, l\u2019\u00e9quipe \u00e9ducative se compose de :<\/p>\n<ul>\n<li>8 enseignants maternelle et \u00e9l\u00e9mentaire,<\/li>\n<li>1 enseignante sp\u00e9cialis\u00e9e (RASED),<\/li>\n<li>3 aide-maternelles,<\/li>\n<li>2 AESH (Accompagnant des \u00c9l\u00e8ves en Situation de Handicap).<\/li>\n<\/ul>\n<\/div>\n<\/div>\n\t\t<\/div><\/div><div id=\"pgc-146-0-2\"  class=\"panel-grid-cell\" ><div id=\"panel-146-0-2-0\" class=\"so-panel widget widget_text panel-first-child panel-last-child\" data-index=\"2\" ><h3 class=\"widget-title\">Le RASED<\/h3>\t\t\t<div class=\"textwidget\"><div id=\"cc-m-7062387459\" class=\"j-module n j-text \">\n<p>Il s&#8217;agit d&#8217;un <strong>R<\/strong>\u00e9seau d&#8217;<strong>A<\/strong>ides <strong>S<\/strong>p\u00e9cialis\u00e9es aux\u00a0<strong>E<\/strong>nfants en <strong>D<\/strong>ifficult\u00e9s d&#8217;apprentissage. Il est compos\u00e9 d&#8217;une Enseignante Sp\u00e9cialis\u00e9e et d&#8217;une Psychologue Scolaire.<\/p>\n<p>Ces deux professionnelles ont pour mission de participer \u00e0 l&#8217;accompagnement et\/ou au suivi des \u00e9l\u00e8ves d\u2019\u00e9coles maternelles et \u00e9l\u00e9mentaires en difficult\u00e9 scolaire persistante. Leur travail sp\u00e9cifique, compl\u00e9mentaire de celui des enseignants dans les classes, permet d\u2019apporter en \u00e9quipe une meilleure r\u00e9ponse aux difficult\u00e9s d\u2019apprentissage et d\u2019adaptation aux exigences scolaires qu\u2019\u00e9prouvent certains \u00e9l\u00e8ves.<\/p>\n<\/div>\n<div id=\"cc-m-7062387659\" class=\"j-module n j-hgrid \">\n<div class=\"cc-m-hgrid-column\">\n<div id=\"cc-matrix-1768240759\">\n<div id=\"cc-m-7062394159\" class=\"j-module n j-text \">\n<p>L&#8217;enseignante sp\u00e9cialis\u00e9e agissant \u00e0 l\u2019\u00c9cole Sainte Th\u00e9r\u00e8se est Christelle DAVIAUD. La psychologue scolaire intervenant au sein de l&#8217;\u00e9tablissement est Alice BUREL. L&#8217;enseignante sp\u00e9cialis\u00e9e et la psychologue sont toutes deux rattach\u00e9es \u00e0 la DDEC ( Direction Dioc\u00e9saine de l&#8217;Enseignement Catholique) du Morbihan.<\/p>\n<\/div>\n<\/div>\n<\/div>\n<\/div>\n<\/div>\n\t\t<\/div><\/div><div id=\"pgc-146-0-3\"  class=\"panel-grid-cell\" ><div id=\"panel-146-0-3-0\" class=\"so-panel widget widget_text panel-first-child panel-last-child\" data-index=\"3\" ><h3 class=\"widget-title\">Les locaux et \u00e9quipements<\/h3>\t\t\t<div class=\"textwidget\"><p>L&#8217;\u00e9tablissement comprend deux b\u00e2timents : l&#8217;un regroupant les classes maternelles et la classe de CP\/CE1 ; l&#8217;autre accueillant les \u00e9l\u00e8ves du CE1 au CM2.<\/p>\n<p>Tout comme l\u2019ensemble des classes de l\u2019\u00e9cole, les classes maternelles sont spacieuses et lumineuses. Elles sont \u00e9quip\u00e9es d&#8217;une salle de motricit\u00e9 servant \u00e9galement de salle de sieste l&#8217;apr\u00e8s-midi. Les enfants de TPS \/ PS et de MS b\u00e9n\u00e9ficient d\u2019un bloc sanitaire adapt\u00e9. Les enfants des classes de GS\/CP et de CP\/CE1 utilisent un second bloc sanitaire.<\/p>\n<p>Toutes les classes de l&#8217;\u00e9cole sont \u00e9quip\u00e9es d&#8217;un vid\u00e9oprojecteur interactif et d&#8217;un visualiseur. L&#8217;\u00e9cole dispose \u00e9galement d&#8217;un grand pr\u00e9 servant notamment lors des r\u00e9cr\u00e9ations ou durant les activit\u00e9s men\u00e9es en \u00c9ducation Physique et Sportive (EPS).<\/p>\n<p>L&#8217;\u00e9cole utilise \u00e9galement certains b\u00e2timents municipaux tels que la salle des sports Alice Milliat, le basfoot et les locaux de la P&#8217;tite Pom. La m\u00e9diath\u00e8que accueille quant \u00e0 elle les \u00e9l\u00e8ves une fois toutes les deux semaines.<\/p>\n<\/div>\n\t\t<\/div><\/div><\/div><\/div>","protected":false},"excerpt":{"rendered":"<p>L\u2019\u00c9cole Sainte Th\u00e9r\u00e8se accueille les enfants de la Toute Petite Section (enfants ayant 2 ans) au CM2. Pour cette ann\u00e9e scolaire 2022-2023, elle se compose de : 3 classes maternelles : 1 classe de TPS \/ PS 1 classe de MS \/ GS 1 classe de GS \/ CP 4 classes \u00e9l\u00e9mentaires :\u00a0\u00a0 1 classe [&hellip;]<\/p>\n","protected":false},"author":1,"featured_media":0,"parent":0,"menu_order":0,"comment_status":"closed","ping_status":"closed","template":"","meta":{"ngg_post_thumbnail":0,"footnotes":""},"class_list":["post-146","page","type-page","status-publish","czr-hentry"],"_links":{"self":[{"href":"https:\/\/ecolesaintetheresesulniac.com\/index.php\/wp-json\/wp\/v2\/pages\/146","targetHints":{"allow":["GET"]}}],"collection":[{"href":"https:\/\/ecolesaintetheresesulniac.com\/index.php\/wp-json\/wp\/v2\/pages"}],"about":[{"href":"https:\/\/ecolesaintetheresesulniac.com\/index.php\/wp-json\/wp\/v2\/types\/page"}],"author":[{"embeddable":true,"href":"https:\/\/ecolesaintetheresesulniac.com\/index.php\/wp-json\/wp\/v2\/users\/1"}],"replies":[{"embeddable":true,"href":"https:\/\/ecolesaintetheresesulniac.com\/index.php\/wp-json\/wp\/v2\/comments?post=146"}],"version-history":[{"count":20,"href":"https:\/\/ecolesaintetheresesulniac.com\/index.php\/wp-json\/wp\/v2\/pages\/146\/revisions"}],"predecessor-version":[{"id":603,"href":"https:\/\/ecolesaintetheresesulniac.com\/index.php\/wp-json\/wp\/v2\/pages\/146\/revisions\/603"}],"wp:attachment":[{"href":"https:\/\/ecolesaintetheresesulniac.com\/index.php\/wp-json\/wp\/v2\/media?parent=146"}],"curies":[{"name":"wp","href":"https:\/\/api.w.org\/{rel}","templated":true}]}}