{"id":167,"date":"2020-04-22T17:48:51","date_gmt":"2020-04-22T15:48:51","guid":{"rendered":"http:\/\/ecolesaintetheresesulniac.com\/?page_id=167"},"modified":"2020-05-09T14:12:59","modified_gmt":"2020-05-09T12:12:59","slug":"le-conseil-des-eleves","status":"publish","type":"page","link":"https:\/\/ecolesaintetheresesulniac.com\/index.php\/le-conseil-des-eleves\/","title":{"rendered":"Le conseil des \u00e9l\u00e8ves"},"content":{"rendered":"<div id=\"pl-167\"  class=\"panel-layout\" ><div id=\"pg-167-0\"  class=\"panel-grid panel-no-style\" ><div id=\"pgc-167-0-0\"  class=\"panel-grid-cell\" ><div id=\"panel-167-0-0-0\" class=\"so-panel widget widget_text panel-first-child panel-last-child\" data-index=\"0\" ><h3 class=\"widget-title\">Pr\u00e9sentation<\/h3>\t\t\t<div class=\"textwidget\"><div class=\"et_pb_tab clearfix et_pb_active_content et_pb_tab_0 et-pb-active-slide\">\n<p>Le conseil des \u00e9l\u00e8ves de l\u2019\u00e9cole se r\u00e9unit 3 fois dans l\u2019ann\u00e9e. Il est compos\u00e9 de deux d\u00e9l\u00e9gu\u00e9s \u00e9lus par classe (du CP au CM2) et est pr\u00e9sid\u00e9 par Monsieur Jean-Jacques TUAL, le chef d&#8217;\u00e9tablissement.<\/p>\n<p>Chaque d\u00e9l\u00e9gu\u00e9 repr\u00e9sente sa classe et \u00e9nonce 3 \u00e0 4 propositions pour l\u2019\u00e9cole.<\/p>\n<p>Attention, ce conseil n\u2019est pas uniquement un &#8220;bureau des r\u00e9clamations&#8221;, il doit \u00eatre force de propositions r\u00e9alistes pour am\u00e9liorer la vie des \u00e9l\u00e8ves et des adultes au sein de notre \u00e9tablissement.<\/p>\n<\/div>\n<\/div>\n\t\t<\/div><\/div><div id=\"pgc-167-0-1\"  class=\"panel-grid-cell\" ><div id=\"panel-167-0-1-0\" class=\"so-panel widget widget_text panel-first-child panel-last-child\" data-index=\"1\" ><h3 class=\"widget-title\">Fonctionnement<\/h3>\t\t\t<div class=\"textwidget\"><div class=\"et_pb_tab clearfix et_pb_tab_1 et-pb-active-slide\">\n<p>Avant chaque conseil, sur le temps de \u00ab vie de classe \u00bb par exemple, les d\u00e9l\u00e9gu\u00e9s prennent en note les \u00ab id\u00e9es \u00bb de leurs camarades. Ces propositions sont transmises au conseil qui en discute et d\u00e9cide de valider ou non les propositions.<\/p>\n<p>Le compte-rendu est r\u00e9dig\u00e9 par le chef d&#8217;\u00e9tablissement et chaque d\u00e9l\u00e9gu\u00e9 informe ensuite sa classe des d\u00e9cisions prises.<\/p>\n<\/div>\n<\/div>\n\t\t<\/div><\/div><\/div><\/div>","protected":false},"excerpt":{"rendered":"<p>Le conseil des \u00e9l\u00e8ves de l\u2019\u00e9cole se r\u00e9unit 3 fois dans l\u2019ann\u00e9e. Il est compos\u00e9 de deux d\u00e9l\u00e9gu\u00e9s \u00e9lus par classe (du CP au CM2) et est pr\u00e9sid\u00e9 par Monsieur Jean-Jacques TUAL, le chef d&#8217;\u00e9tablissement. Chaque d\u00e9l\u00e9gu\u00e9 repr\u00e9sente sa classe et \u00e9nonce 3 \u00e0 4 propositions pour l\u2019\u00e9cole. Attention, ce conseil n\u2019est pas uniquement un [&hellip;]<\/p>\n","protected":false},"author":1,"featured_media":0,"parent":0,"menu_order":0,"comment_status":"closed","ping_status":"closed","template":"","meta":{"ngg_post_thumbnail":0,"footnotes":""},"class_list":["post-167","page","type-page","status-publish","czr-hentry"],"_links":{"self":[{"href":"https:\/\/ecolesaintetheresesulniac.com\/index.php\/wp-json\/wp\/v2\/pages\/167","targetHints":{"allow":["GET"]}}],"collection":[{"href":"https:\/\/ecolesaintetheresesulniac.com\/index.php\/wp-json\/wp\/v2\/pages"}],"about":[{"href":"https:\/\/ecolesaintetheresesulniac.com\/index.php\/wp-json\/wp\/v2\/types\/page"}],"author":[{"embeddable":true,"href":"https:\/\/ecolesaintetheresesulniac.com\/index.php\/wp-json\/wp\/v2\/users\/1"}],"replies":[{"embeddable":true,"href":"https:\/\/ecolesaintetheresesulniac.com\/index.php\/wp-json\/wp\/v2\/comments?post=167"}],"version-history":[{"count":3,"href":"https:\/\/ecolesaintetheresesulniac.com\/index.php\/wp-json\/wp\/v2\/pages\/167\/revisions"}],"predecessor-version":[{"id":323,"href":"https:\/\/ecolesaintetheresesulniac.com\/index.php\/wp-json\/wp\/v2\/pages\/167\/revisions\/323"}],"wp:attachment":[{"href":"https:\/\/ecolesaintetheresesulniac.com\/index.php\/wp-json\/wp\/v2\/media?parent=167"}],"curies":[{"name":"wp","href":"https:\/\/api.w.org\/{rel}","templated":true}]}}