{"id":169,"date":"2020-04-22T19:05:35","date_gmt":"2020-04-22T17:05:35","guid":{"rendered":"http:\/\/ecolesaintetheresesulniac.com\/?page_id=169"},"modified":"2021-08-29T11:37:10","modified_gmt":"2021-08-29T09:37:10","slug":"les-activites-pedagogiques","status":"publish","type":"page","link":"https:\/\/ecolesaintetheresesulniac.com\/index.php\/les-activites-pedagogiques\/","title":{"rendered":"Les activit\u00e9s p\u00e9dagogiques"},"content":{"rendered":"<h3>A- Les activit\u00e9s de l&#8217;\u00e9cole<\/h3>\n<p>Le projet d&#8217;\u00e9tablissement, v\u00e9ritable carte d&#8217;identit\u00e9 de l&#8217;\u00e9cole, comprend le projet \u00e9ducatif, le projet pastoral mais recense \u00e9galement les actions p\u00e9dagogiques retenues par l&#8217;\u00e9quipe \u00e9ducative. Plusieurs axes ont notamment \u00e9t\u00e9 d\u00e9finis :<\/p>\n<h4>L&#8217;importance de la lecture et des langues<\/h4>\n<ul>\n<li>Participation de toutes les classes au Prix des Incorruptibles en lien avec la m\u00e9diath\u00e8que de Sulniac.<\/li>\n<li>Enseignement de l&#8217;anglais de la Toute Petite Section au CM2 via la m\u00e9thode Pop English (intervention d&#8217;une enseignante anglophone).<\/li>\n<li>D\u00e9couverte de l&#8217;allemand pour les \u00e9l\u00e8ves de CM gr\u00e2ce \u00e0 l&#8217;intervention du professeur d&#8217;allemand du coll\u00e8ge Sainte Marie d&#8217;Elven.<\/li>\n<\/ul>\n<h4>D\u00e9velopper une attitude responsable et solidaire<\/h4>\n<ul>\n<li>Formation de la s\u00e9curit\u00e9 routi\u00e8re : permis pi\u00e9ton pour les CE2 et permis v\u00e9lo pour les CM2 encadr\u00e9s par des gendarmes sur le site de la s\u00e9curit\u00e9 routi\u00e8re.<\/li>\n<li>Animations scolaires sur le th\u00e8me des d\u00e9chets : recyclage, compostage, visite du centre de tri.<\/li>\n<li>Action caritative : Marche de Solidarit\u00e9 ou F\u00eate du Partage au b\u00e9n\u00e9fice d&#8217;une association caritative.<\/li>\n<\/ul>\n<h4>D\u00e9couvrir diverses pratiques sportives, culturelles et artistiques<\/h4>\n<ul>\n<li>Intervention d&#8217;animateurs sportifs lors des s\u00e9ances d&#8217;EPS (du CP au CM2) ou de motricit\u00e9 (maternelles).<\/li>\n<li>Natation : les \u00e9l\u00e8ves de CP, CE1 et CE2 profitent d\u2019un cycle de natation \u00e0 la piscine d&#8217;Elven.<\/li>\n<li>Activit\u00e9 nautique : les CM1 et CM2 pratiquent soit la voile, soit le kayak, soit l&#8217;aviron.<\/li>\n<li>Participation de toutes les classes au dispositif Ecole &amp; Cin\u00e9ma (trois films par cycle et par an s\u00e9lectionn\u00e9s par l&#8217;Inspection Acad\u00e9mique).<\/li>\n<li>Spectacles scolaires Jeunes Publics pour tous les cycles en lien avec Golfe du Morbihan-Vannes Agglom\u00e9ration<\/li>\n<\/ul>\n<h4>S&#8217;ouvrir vers l&#8217;ext\u00e9rieur<\/h4>\n<ul>\n<li>Visite du coll\u00e8ge Sainte Marie d&#8217;Elven pour les CM2.<\/li>\n<li>Rencontres sportives par cycle r\u00e9unissant les \u00e9coles du r\u00e9seau.<\/li>\n<li>Sorties p\u00e9dagogiques pour toutes les classes.<\/li>\n<li>Classe de neige en CM.<\/li>\n<\/ul>\n<p>&nbsp;<\/p>\n<p>En compl\u00e9ment, l&#8217;\u00e9cole propose des Activit\u00e9s P\u00e9dagogiques Compl\u00e9mentaires (APC). En accord avec les familles, ils permettent\u00a0aux \u00e9l\u00e8ves\u00a0de b\u00e9n\u00e9ficier\u00a0d\u2019une aide ponctuelle et adapt\u00e9e\u00a0:<\/p>\n<ul>\n<li>Aide aux devoirs, ateliers de langage, de graphisme, de lecture.<\/li>\n<li>Travaux sur la compr\u00e9hension de consignes, sur la r\u00e9solution de probl\u00e8mes math\u00e9matiques, \u2026<\/li>\n<\/ul>\n<p>Ces ateliers ont lieu le midi, durant la pause m\u00e9ridienne, selon un calendrier transmis aux familles et pris en charge par les enseignants de l\u2019\u00e9cole, de la PS au CM2.<\/p>\n<p>&nbsp;<\/p>\n<h3>B- Scol&#8217;A.I.R<\/h3>\n<p>Scol&#8217;A.I.R est une association regroupant des \u00e9lus de la commune, des parents d&#8217;\u00e9l\u00e8ves et la direction des 3 \u00e9coles de la commune de Sulniac. Son objectif est dans son titre : \u0153uvrer pendant le temps scolaire pour :<\/p>\n<ul>\n<li><strong>A<\/strong>\u00a0: l\u2019<strong>A<\/strong>nimation de la commune en organisant des manifestations communes aux 3 \u00e9coles.<\/li>\n<li><strong>I\u00a0<\/strong>: l\u2019<strong>I<\/strong>nitiation des enfants aux diff\u00e9rentes pratiques sportives et \u00e0 la d\u00e9couverte culturelle et artistique.<\/li>\n<li><strong>R<\/strong>\u00a0: la\u00a0 <strong>R<\/strong>encontre de tous les partenaires s\u2019int\u00e9ressant \u00e0 la vie des enfants\u00a0:\n<ul>\n<li>sur la commune\u00a0: \u00e9lu(e)s, enseignant(e)s, parents, enfants et associations<\/li>\n<li>\u00e0 l\u2019ext\u00e9rieur de la commune\u00a0: Inspection Acad\u00e9mique, Jeunesse et Sports, Caisse d\u2019Allocations Familiales, Mutualit\u00e9 Sociale Agricole, l\u2019Association Intercommunale Enfance Jeunesse\u2026<\/li>\n<\/ul>\n<\/li>\n<\/ul>\n<p>Parmi les actions communes aux 3 \u00e9coles, citons : le Conseil Communal des Enfants, la participation aux Virades de l\u2019Espoir, les spectacles de No\u00ebl, la f\u00eate du pain avec les Turlupains,\u00a0 le carnaval, l&#8217;initiation aux premiers secours avec la Croix Rouge, la cr\u00e9ation de l&#8217;affiche du Salon du Livre, la rencontre d&#8217;auteurs de livres de jeunesse.<\/p>\n","protected":false},"excerpt":{"rendered":"<p>A- Les activit\u00e9s de l&#8217;\u00e9cole Le projet d&#8217;\u00e9tablissement, v\u00e9ritable carte d&#8217;identit\u00e9 de l&#8217;\u00e9cole, comprend le projet \u00e9ducatif, le projet pastoral mais recense \u00e9galement les actions p\u00e9dagogiques retenues par l&#8217;\u00e9quipe \u00e9ducative. Plusieurs axes ont notamment \u00e9t\u00e9 d\u00e9finis : L&#8217;importance de la lecture et des langues Participation de toutes les classes au Prix des Incorruptibles en lien [&hellip;]<\/p>\n","protected":false},"author":1,"featured_media":0,"parent":0,"menu_order":0,"comment_status":"closed","ping_status":"closed","template":"","meta":{"ngg_post_thumbnail":0,"footnotes":""},"class_list":["post-169","page","type-page","status-publish","czr-hentry"],"_links":{"self":[{"href":"https:\/\/ecolesaintetheresesulniac.com\/index.php\/wp-json\/wp\/v2\/pages\/169","targetHints":{"allow":["GET"]}}],"collection":[{"href":"https:\/\/ecolesaintetheresesulniac.com\/index.php\/wp-json\/wp\/v2\/pages"}],"about":[{"href":"https:\/\/ecolesaintetheresesulniac.com\/index.php\/wp-json\/wp\/v2\/types\/page"}],"author":[{"embeddable":true,"href":"https:\/\/ecolesaintetheresesulniac.com\/index.php\/wp-json\/wp\/v2\/users\/1"}],"replies":[{"embeddable":true,"href":"https:\/\/ecolesaintetheresesulniac.com\/index.php\/wp-json\/wp\/v2\/comments?post=169"}],"version-history":[{"count":9,"href":"https:\/\/ecolesaintetheresesulniac.com\/index.php\/wp-json\/wp\/v2\/pages\/169\/revisions"}],"predecessor-version":[{"id":431,"href":"https:\/\/ecolesaintetheresesulniac.com\/index.php\/wp-json\/wp\/v2\/pages\/169\/revisions\/431"}],"wp:attachment":[{"href":"https:\/\/ecolesaintetheresesulniac.com\/index.php\/wp-json\/wp\/v2\/media?parent=169"}],"curies":[{"name":"wp","href":"https:\/\/api.w.org\/{rel}","templated":true}]}}