{"id":179,"date":"2020-04-23T10:11:03","date_gmt":"2020-04-23T08:11:03","guid":{"rendered":"http:\/\/ecolesaintetheresesulniac.com\/?page_id=179"},"modified":"2022-09-04T09:34:32","modified_gmt":"2022-09-04T07:34:32","slug":"frais-de-scolarite","status":"publish","type":"page","link":"https:\/\/ecolesaintetheresesulniac.com\/index.php\/frais-de-scolarite\/","title":{"rendered":"Frais de scolarit\u00e9"},"content":{"rendered":"<div id=\"pl-179\"  class=\"panel-layout\" ><div id=\"pg-179-0\"  class=\"panel-grid panel-no-style\" ><div id=\"pgc-179-0-0\"  class=\"panel-grid-cell\" ><div id=\"panel-179-0-0-0\" class=\"so-panel widget widget_text panel-first-child panel-last-child\" data-index=\"0\" >\t\t\t<div class=\"textwidget\"><p>Le co\u00fbt de la scolarisation comprend :<\/p>\n<ul>\n<li>la contribution familiale appel\u00e9e &#8220;r\u00e9tribution&#8221;,<\/li>\n<li>l&#8217;assurance scolaire individuelle accident.<\/li>\n<\/ul>\n<\/div>\n\t\t<\/div><\/div><div id=\"pgc-179-0-1\"  class=\"panel-grid-cell\" ><div id=\"panel-179-0-1-0\" class=\"so-panel widget widget_text panel-first-child panel-last-child\" data-index=\"1\" ><h3 class=\"widget-title\">La r\u00e9tribution<\/h3>\t\t\t<div class=\"textwidget\"><div class=\"et_pb_tab clearfix et_pb_tab_1 et-pb-active-slide\">\n<p>Depuis plusieurs ann\u00e9es d\u00e9j\u00e0, l\u2019OGEC s\u2019efforce d\u2019am\u00e9liorer les conditions d\u2019accueil et de travail des enfants gr\u00e2ce \u00e0 ces r\u00e9tributions (extension du b\u00e2timent maternel, am\u00e9nagement ext\u00e9rieur, vid\u00e9oprojecteurs interactifs, \u2026). Cette ann\u00e9e encore, l\u2019OGEC pr\u00e9voit de poursuivre la r\u00e9novation des classes et l\u2019embellissement de l\u2019\u00e9cole. Pour cela, le Conseil d\u2019Administration de l\u2019OGEC propose aux familles qui le souhaitent, un tarif de soutien \u00e0 l\u2019\u00c9cole Sainte Th\u00e9r\u00e8se. Ce tarif de soutien repr\u00e9sente 2 \u20ac de plus par mois que le tarif de base.<\/p>\n<p><strong>\u25a1<\/strong>\u00a0\u00a0 <u>1) Tarif de \u00ab base \u00bb par enfant (assurance individuelle accident comprise) :<br \/>\n<\/u><\/p>\n<table>\n<tbody>\n<tr>\n<td width=\"243\">Classe de TPS <em>(rentr\u00e9e de septembre)<\/em><\/td>\n<td width=\"76\">22\u20ac\/mois<\/td>\n<\/tr>\n<tr>\n<td width=\"243\">Classes de la PS au CM2<\/td>\n<td width=\"76\">29\u20ac\/mois<\/td>\n<\/tr>\n<\/tbody>\n<\/table>\n<p><strong>\u25a1<\/strong>\u00a0\u00a0 <u>2) Tarif\u00a0 de \u00ab soutien \u00bb par enfant (assurance individuelle accident comprise)<br \/>\n<\/u><\/p>\n<table>\n<tbody>\n<tr>\n<td width=\"243\">Classe de TPS <em>(rentr\u00e9e de septembre)<\/em><\/td>\n<td width=\"76\">24\u20ac\/mois<\/td>\n<\/tr>\n<tr>\n<td width=\"243\">Classes de la PS au CM2<\/td>\n<td width=\"76\">32\u20ac\/mois<\/td>\n<\/tr>\n<\/tbody>\n<\/table>\n<p>Scolarit\u00e9 r\u00e9duite de 50% pour le troisi\u00e8me enfant et gratuite pour le quatri\u00e8me<\/p>\n<p>Paiement par pr\u00e9l\u00e8vement mensuel automatique (octobre \u00e0 mai soit 8 pr\u00e9l\u00e8vements).<\/p>\n<\/div>\n<\/div>\n\t\t<\/div><\/div><div id=\"pgc-179-0-2\"  class=\"panel-grid-cell\" ><div id=\"panel-179-0-2-0\" class=\"so-panel widget widget_text panel-first-child panel-last-child\" data-index=\"2\" ><h3 class=\"widget-title\">Assurance scolaire<\/h3>\t\t\t<div class=\"textwidget\"><p class=\"font_8\">\u2013 Individuelle accident : l\u2019\u00e9tablissement souscrit chaque ann\u00e9e un contrat d\u2019assurance individuelle accident pour l\u2019ensemble des \u00e9l\u00e8ves aupr\u00e8s de la Mutuelle Saint Christophe Assurances. Ce contrat couvre les dommages corporels des enfants lorsqu\u2019ils se blessent seuls.<\/p>\n<p class=\"font_8\">\u2013 Responsabilit\u00e9 civile : il est rappel\u00e9 que les \u00e9l\u00e8ves sont responsables des dommages mat\u00e9riels ou corporels qu\u2019ils occasionnent aux autres. Les familles doivent avoir souscrit une assurance responsabilit\u00e9 civile aupr\u00e8s de leur assureur (contrat habitation).<\/p>\n<\/div>\n\t\t<\/div><\/div><\/div><\/div>","protected":false},"excerpt":{"rendered":"<p>Le co\u00fbt de la scolarisation comprend : la contribution familiale appel\u00e9e &#8220;r\u00e9tribution&#8221;, l&#8217;assurance scolaire individuelle accident. Depuis plusieurs ann\u00e9es d\u00e9j\u00e0, l\u2019OGEC s\u2019efforce d\u2019am\u00e9liorer les conditions d\u2019accueil et de travail des enfants gr\u00e2ce \u00e0 ces r\u00e9tributions (extension du b\u00e2timent maternel, am\u00e9nagement ext\u00e9rieur, vid\u00e9oprojecteurs interactifs, \u2026). Cette ann\u00e9e encore, l\u2019OGEC pr\u00e9voit de poursuivre la r\u00e9novation des classes [&hellip;]<\/p>\n","protected":false},"author":1,"featured_media":0,"parent":0,"menu_order":0,"comment_status":"closed","ping_status":"closed","template":"","meta":{"ngg_post_thumbnail":0,"footnotes":""},"class_list":["post-179","page","type-page","status-publish","czr-hentry"],"_links":{"self":[{"href":"https:\/\/ecolesaintetheresesulniac.com\/index.php\/wp-json\/wp\/v2\/pages\/179","targetHints":{"allow":["GET"]}}],"collection":[{"href":"https:\/\/ecolesaintetheresesulniac.com\/index.php\/wp-json\/wp\/v2\/pages"}],"about":[{"href":"https:\/\/ecolesaintetheresesulniac.com\/index.php\/wp-json\/wp\/v2\/types\/page"}],"author":[{"embeddable":true,"href":"https:\/\/ecolesaintetheresesulniac.com\/index.php\/wp-json\/wp\/v2\/users\/1"}],"replies":[{"embeddable":true,"href":"https:\/\/ecolesaintetheresesulniac.com\/index.php\/wp-json\/wp\/v2\/comments?post=179"}],"version-history":[{"count":8,"href":"https:\/\/ecolesaintetheresesulniac.com\/index.php\/wp-json\/wp\/v2\/pages\/179\/revisions"}],"predecessor-version":[{"id":602,"href":"https:\/\/ecolesaintetheresesulniac.com\/index.php\/wp-json\/wp\/v2\/pages\/179\/revisions\/602"}],"wp:attachment":[{"href":"https:\/\/ecolesaintetheresesulniac.com\/index.php\/wp-json\/wp\/v2\/media?parent=179"}],"curies":[{"name":"wp","href":"https:\/\/api.w.org\/{rel}","templated":true}]}}