{"id":185,"date":"2020-04-23T10:39:47","date_gmt":"2020-04-23T08:39:47","guid":{"rendered":"http:\/\/ecolesaintetheresesulniac.com\/?page_id=185"},"modified":"2020-05-09T14:34:16","modified_gmt":"2020-05-09T12:34:16","slug":"inscrire-son-enfant","status":"publish","type":"page","link":"https:\/\/ecolesaintetheresesulniac.com\/index.php\/inscrire-son-enfant\/","title":{"rendered":"Inscrire son enfant"},"content":{"rendered":"<p>Si vous souhaitez inscrire votre enfant au sein de l\u2019\u00c9cole Sainte Th\u00e9r\u00e8se, veuillez imprimer, remplir et retourner le formulaire d&#8217;inscription se trouvant ci-dessous. Merci.<\/p>\n<p><a href=\"https:\/\/ecolesaintetheresesulniac.com\/wp-content\/uploads\/2020\/04\/Formulaire-dinscription.pdf\" target=\"_blank\" rel=\"noopener noreferrer\">Formulaire d&#8217;inscription<\/a><\/p>\n","protected":false},"excerpt":{"rendered":"<p>Si vous souhaitez inscrire votre enfant au sein de l\u2019\u00c9cole Sainte Th\u00e9r\u00e8se, veuillez imprimer, remplir et retourner le formulaire d&#8217;inscription se trouvant ci-dessous. Merci. Formulaire d&#8217;inscription<\/p>\n","protected":false},"author":1,"featured_media":0,"parent":0,"menu_order":0,"comment_status":"closed","ping_status":"closed","template":"","meta":{"ngg_post_thumbnail":0,"footnotes":""},"class_list":["post-185","page","type-page","status-publish","czr-hentry"],"_links":{"self":[{"href":"https:\/\/ecolesaintetheresesulniac.com\/index.php\/wp-json\/wp\/v2\/pages\/185","targetHints":{"allow":["GET"]}}],"collection":[{"href":"https:\/\/ecolesaintetheresesulniac.com\/index.php\/wp-json\/wp\/v2\/pages"}],"about":[{"href":"https:\/\/ecolesaintetheresesulniac.com\/index.php\/wp-json\/wp\/v2\/types\/page"}],"author":[{"embeddable":true,"href":"https:\/\/ecolesaintetheresesulniac.com\/index.php\/wp-json\/wp\/v2\/users\/1"}],"replies":[{"embeddable":true,"href":"https:\/\/ecolesaintetheresesulniac.com\/index.php\/wp-json\/wp\/v2\/comments?post=185"}],"version-history":[{"count":4,"href":"https:\/\/ecolesaintetheresesulniac.com\/index.php\/wp-json\/wp\/v2\/pages\/185\/revisions"}],"predecessor-version":[{"id":329,"href":"https:\/\/ecolesaintetheresesulniac.com\/index.php\/wp-json\/wp\/v2\/pages\/185\/revisions\/329"}],"wp:attachment":[{"href":"https:\/\/ecolesaintetheresesulniac.com\/index.php\/wp-json\/wp\/v2\/media?parent=185"}],"curies":[{"name":"wp","href":"https:\/\/api.w.org\/{rel}","templated":true}]}}