{"id":400,"date":"2021-08-25T16:21:15","date_gmt":"2021-08-25T14:21:15","guid":{"rendered":"http:\/\/ecolesaintetheresesulniac.com\/?page_id=400"},"modified":"2022-02-04T18:06:32","modified_gmt":"2022-02-04T17:06:32","slug":"de-lecole-sainte-therese","status":"publish","type":"page","link":"https:\/\/ecolesaintetheresesulniac.com\/index.php\/de-lecole-sainte-therese\/","title":{"rendered":"De l&#8217;\u00e9cole Sainte Th\u00e9r\u00e8se"},"content":{"rendered":"<p><a href=\"https:\/\/www.ouest-france.fr\/bretagne\/sulniac-56250\/des-ecoliers-ont-participe-a-une-marche-solidaire-0842b328-a4a0-4962-bb21-830afdcf2373\" target=\"_blank\" rel=\"noopener\">Marche de Solidarit\u00e9 &#8211; 2021<\/a><\/p>\n<p><a href=\"https:\/\/www.letelegramme.fr\/morbihan\/sulniac\/l-ecole-sainte-therese-accueille-quatre-a-douze-enfants-de-soignants-par-jour-01-05-2020-12546268.php\" target=\"_blank\" rel=\"noopener\">Accueil des enfants de soignants &#8211; 2020<\/a><\/p>\n<p><a href=\"https:\/\/www.ouest-france.fr\/bretagne\/sulniac-56250\/sulniac-4-12-enfants-de-soignants-accueillis-par-jour-6824313\" target=\"_blank\" rel=\"noopener\">Accueil des enfants de soignants &#8211; 2020<\/a><\/p>\n<p><a href=\"https:\/\/www.letelegramme.fr\/morbihan\/sulniac\/ecole-sainte-therese-289-convives-au-repas-25-06-2019-12321536.php\" target=\"_blank\" rel=\"noopener\">Kermesse de l&#8217;\u00e9cole &#8211; 2019<\/a><\/p>\n<p><a href=\"https:\/\/www.ouest-france.fr\/bretagne\/sulniac-56250\/sulniac-les-ecoliers-sensibilises-l-environnement-6632382\" target=\"_blank\" rel=\"noopener\">Animation Vannes Agglo Tri des d\u00e9chets &#8211; 2019<\/a><\/p>\n<p><a href=\"https:\/\/www.letelegramme.fr\/morbihan\/sulniac\/ecole-sainte-therese-la-fete-du-partage-fait-le-plein-05-05-2019-12275448.php\" target=\"_blank\" rel=\"noopener\">F\u00eate du Partage &#8211; 2019<\/a><\/p>\n<p><a href=\"https:\/\/www.letelegramme.fr\/morbihan\/sulniac\/ecole-sainte-therese-une-nouvelle-enseignante-03-09-2018-12068953.php\" target=\"_blank\" rel=\"noopener\">Arriv\u00e9e de Fran\u00e7oise LE METAYER et B\u00e9atrice CROCHET &#8211; 2018<\/a><\/p>\n<p><a href=\"https:\/\/www.ouest-france.fr\/bretagne\/sulniac-56250\/un-projet-d-ecole-sur-l-eau-sainte-therese-5968874\" target=\"_blank\" rel=\"noopener\">Projet sur l&#8217;eau &#8211; 2018<\/a><\/p>\n<p><a href=\"https:\/\/www.letelegramme.fr\/morbihan\/sulniac\/ecole-sainte-therese-un-auteur-en-maternelle-09-02-2016-10952136.php\" target=\"_blank\" rel=\"noopener\">Rencontre avec Lionel LAMOUR &#8211; 2016<\/a><\/p>\n<p><a href=\"https:\/\/www.letelegramme.fr\/morbihan\/sulniac\/ecole-sainte-therese-des-instants-partages-25-06-2015-10680948.php\" target=\"_blank\" rel=\"noopener\">Rencontre de diff\u00e9rentes g\u00e9n\u00e9rations &#8211; 2015<\/a><\/p>\n<p><a href=\"https:\/\/www.ouest-france.fr\/bretagne\/sulniac-56250\/les-travaux-ont-demarre-lecole-sainte-therese-3804478\" target=\"_blank\" rel=\"noopener\">Extension du b\u00e2timent maternel &#8211; 2015<\/a><\/p>\n<p><a href=\"https:\/\/www.letelegramme.fr\/morbihan\/sulniac\/ecole-sainte-therese-un-nouveau-poste-cree-08-09-2014-10330316.php\" target=\"_blank\" rel=\"noopener\">Ouverture 7\u00e8me classe &#8211; 2014<\/a><\/p>\n<p><a href=\"https:\/\/www.ouest-france.fr\/bretagne\/sulniac-56250\/une-nouvelle-enseignante-lecole-sainte-therese-2829843\" target=\"_blank\" rel=\"noopener\">Arriv\u00e9e de Florence LE METAYER &#8211; 2014<\/a><\/p>\n<p>&nbsp;<\/p>\n","protected":false},"excerpt":{"rendered":"<p>Marche de Solidarit\u00e9 &#8211; 2021 Accueil des enfants de soignants &#8211; 2020 Accueil des enfants de soignants &#8211; 2020 Kermesse de l&#8217;\u00e9cole &#8211; 2019 Animation Vannes Agglo Tri des d\u00e9chets &#8211; 2019 F\u00eate du Partage &#8211; 2019 Arriv\u00e9e de Fran\u00e7oise LE METAYER et B\u00e9atrice CROCHET &#8211; 2018 Projet sur l&#8217;eau &#8211; 2018 Rencontre avec Lionel [&hellip;]<\/p>\n","protected":false},"author":1,"featured_media":0,"parent":0,"menu_order":0,"comment_status":"closed","ping_status":"closed","template":"","meta":{"ngg_post_thumbnail":0,"footnotes":""},"class_list":["post-400","page","type-page","status-publish","czr-hentry"],"_links":{"self":[{"href":"https:\/\/ecolesaintetheresesulniac.com\/index.php\/wp-json\/wp\/v2\/pages\/400","targetHints":{"allow":["GET"]}}],"collection":[{"href":"https:\/\/ecolesaintetheresesulniac.com\/index.php\/wp-json\/wp\/v2\/pages"}],"about":[{"href":"https:\/\/ecolesaintetheresesulniac.com\/index.php\/wp-json\/wp\/v2\/types\/page"}],"author":[{"embeddable":true,"href":"https:\/\/ecolesaintetheresesulniac.com\/index.php\/wp-json\/wp\/v2\/users\/1"}],"replies":[{"embeddable":true,"href":"https:\/\/ecolesaintetheresesulniac.com\/index.php\/wp-json\/wp\/v2\/comments?post=400"}],"version-history":[{"count":21,"href":"https:\/\/ecolesaintetheresesulniac.com\/index.php\/wp-json\/wp\/v2\/pages\/400\/revisions"}],"predecessor-version":[{"id":428,"href":"https:\/\/ecolesaintetheresesulniac.com\/index.php\/wp-json\/wp\/v2\/pages\/400\/revisions\/428"}],"wp:attachment":[{"href":"https:\/\/ecolesaintetheresesulniac.com\/index.php\/wp-json\/wp\/v2\/media?parent=400"}],"curies":[{"name":"wp","href":"https:\/\/api.w.org\/{rel}","templated":true}]}}