{"id":73,"date":"2020-04-21T17:04:29","date_gmt":"2020-04-21T15:04:29","guid":{"rendered":"http:\/\/ecolesaintetheresesulniac.com\/?page_id=73"},"modified":"2022-09-04T09:41:42","modified_gmt":"2022-09-04T07:41:42","slug":"logec","status":"publish","type":"page","link":"https:\/\/ecolesaintetheresesulniac.com\/index.php\/logec\/","title":{"rendered":"L&#8217;OGEC"},"content":{"rendered":"<p class=\"font_7\"><img loading=\"lazy\" decoding=\"async\" class=\"size-thumbnail wp-image-249 alignleft\" src=\"https:\/\/ecolesaintetheresesulniac.com\/wp-content\/uploads\/2020\/04\/logo_OGEC_steTHERESE-150x150.png\" alt=\"\" width=\"150\" height=\"150\" srcset=\"https:\/\/ecolesaintetheresesulniac.com\/wp-content\/uploads\/2020\/04\/logo_OGEC_steTHERESE-150x150.png 150w, https:\/\/ecolesaintetheresesulniac.com\/wp-content\/uploads\/2020\/04\/logo_OGEC_steTHERESE-510x510.png 510w\" sizes=\"auto, (max-width: 150px) 100vw, 150px\" \/>L\u2019OGEC de l\u2019\u00c9cole Sainte Th\u00e9r\u00e8se (Organisme de Gestion de l\u2019Enseignement Catholique) est une association de loi 1901 \u00e0 but non lucratif qui assume la repr\u00e9sentation morale et juridique de l\u2019\u00e9cole, lui conf\u00e9rant ainsi une existence l\u00e9gale.<\/p>\n<p class=\"font_7\">Les principaux domaines de responsabilit\u00e9 de l&#8217;OGEC sont :<\/p>\n<p class=\"font_7\">\u2013 le domaine \u00e9conomique et financier : l\u2019OGEC assure la vie mat\u00e9rielle et financi\u00e8re de l&#8217;\u00e9cole (calcul et suivi des budgets, tenue des comptes, d\u00e9termination de la contribution demand\u00e9e aux familles, paiement des charges de fonctionnement de l&#8217;\u00e9tablissement, etc&#8230;),<\/p>\n<p class=\"font_7\">\u2013 le domaine social : l\u2019OGEC est l\u2019employeur des personnels non enseignants de droit priv\u00e9 (aide-maternelles, chef d&#8217;\u00e9tablissement),<\/p>\n<p>\u2013 l\u2019immobilier : l\u2019OGEC a la charge de l\u2019entretien des b\u00e2timents scolaires (am\u00e9nagement, r\u00e9novation, agrandissement).<\/p>\n<p class=\"font_7\"><span class=\"wixGuard\">\u200b<\/span><\/p>\n<p class=\"font_7\">L\u2019OGEC fonctionne avec un Conseil d\u2019Administration d\u2019une douzaine de membres dont au moins trois membres de droit :<\/p>\n<ul>\n<li class=\"font_7\">le responsable de la tutelle dioc\u00e9saine ou son repr\u00e9sentant,<\/li>\n<li class=\"font_7\">le pr\u00e9sident de l\u2019union d\u00e9partementale des OGEC (UDOGEC) ou son repr\u00e9sentant,<\/li>\n<li class=\"font_7\">le pr\u00e9sident de l&#8217;association des parents d&#8217;\u00e9l\u00e8ves de l&#8217;enseignement libre (APEL) ou son repr\u00e9sentant.<\/li>\n<\/ul>\n<p class=\"font_7\"><span class=\"wixGuard\">\u200b<\/span><\/p>\n<p class=\"font_7\">Le Bureau (Pr\u00e9sident, Vice-Pr\u00e9sident, Tr\u00e9sorier et Secr\u00e9taire), d\u00e9sign\u00e9 par le Conseil d\u2019Administration, assure le bon fonctionnement de l\u2019association, dans le cadre des d\u00e9cisions prises par le conseil, v\u00e9ritable organe d\u00e9cisionnaire de l\u2019OGEC.<\/p>\n<p class=\"font_7\">L&#8217;OGEC confie une d\u00e9l\u00e9gation au chef d\u2019\u00e9tablissement afin de g\u00e9rer l&#8217;\u00e9tablissement au quotidien. Il est associ\u00e9 au fonctionnement de l\u2019OGEC et est invit\u00e9 \u00e0 toutes les r\u00e9unions (Assembl\u00e9e G\u00e9n\u00e9rale, Conseil d&#8217;Administration et Bureau de l\u2019OGEC).<\/p>\n<p class=\"font_7\"><span class=\"wixGuard\">\u200b<\/span><\/p>\n<p class=\"font_7\">Nous avons besoin r\u00e9guli\u00e8rement de nouvelles candidatures pour p\u00e9renniser une \u00e9quipe OGEC dynamique et comp\u00e9tente. Si vous souhaitez nous rejoindre, vous pouvez poser votre candidature aupr\u00e8s du Conseil d\u2019Administration lors de l\u2019Assembl\u00e9e G\u00e9n\u00e9rale. Pour plus d\u2019informations, n\u2019h\u00e9sitez pas \u00e0 en parler avec un membre, que vous connaissez peut-\u00eatre d\u00e9j\u00e0 par le biais de votre enfant, ou au chef d&#8217;\u00e9tablissement.<\/p>\n<p class=\"font_7\">Le Conseil d\u2019Administration de l\u2019OGEC Sainte Th\u00e9r\u00e8se est actuellement compos\u00e9 de 10 membres \u00e9lus dont voici la liste :<\/p>\n<p class=\"font_7\">Le Bureau&nbsp;:<\/p>\n<ul class=\"font_7\">\n<li>\n<p class=\"font_7\">Pr\u00e9sident : Gaylord BOULVAIS<\/p>\n<\/li>\n<li>\n<p class=\"font_7\">Vice-Pr\u00e9sident : Matthieu MELOIS<\/p>\n<\/li>\n<li>\n<p class=\"font_7\">Tr\u00e9sorier : Sylvain CHEVALIER<\/p>\n<\/li>\n<li>\n<p class=\"font_7\">Secr\u00e9taire : Mathieu LE CORRE<\/p>\n<\/li>\n<\/ul>\n<p class=\"font_7\">Les membres&nbsp;:<\/p>\n<ul class=\"font_7\">\n<li>\n<p class=\"font_7\">Margot LALY-QUILLERE<\/p>\n<\/li>\n<li>\n<p class=\"font_7\">Samuel LE BRECH<\/p>\n<\/li>\n<li>\n<p class=\"font_7\">Fr\u00e9d\u00e9ric GIMENEZ<\/p>\n<\/li>\n<li>Benjamin CHALONNY<\/li>\n<\/ul>\n<ul>\n<li>Emmanuel LOZE<\/li>\n<\/ul>\n","protected":false},"excerpt":{"rendered":"<p>L\u2019OGEC de l\u2019\u00c9cole Sainte Th\u00e9r\u00e8se (Organisme de Gestion de l\u2019Enseignement Catholique) est une association de loi 1901 \u00e0 but non lucratif qui assume la repr\u00e9sentation morale et juridique de l\u2019\u00e9cole, lui conf\u00e9rant ainsi une existence l\u00e9gale. Les principaux domaines de responsabilit\u00e9 de l&#8217;OGEC sont : \u2013 le domaine \u00e9conomique et financier : l\u2019OGEC assure la [&hellip;]<\/p>\n","protected":false},"author":1,"featured_media":0,"parent":0,"menu_order":0,"comment_status":"closed","ping_status":"closed","template":"","meta":{"ngg_post_thumbnail":0,"footnotes":""},"class_list":["post-73","page","type-page","status-publish","czr-hentry"],"_links":{"self":[{"href":"https:\/\/ecolesaintetheresesulniac.com\/index.php\/wp-json\/wp\/v2\/pages\/73","targetHints":{"allow":["GET"]}}],"collection":[{"href":"https:\/\/ecolesaintetheresesulniac.com\/index.php\/wp-json\/wp\/v2\/pages"}],"about":[{"href":"https:\/\/ecolesaintetheresesulniac.com\/index.php\/wp-json\/wp\/v2\/types\/page"}],"author":[{"embeddable":true,"href":"https:\/\/ecolesaintetheresesulniac.com\/index.php\/wp-json\/wp\/v2\/users\/1"}],"replies":[{"embeddable":true,"href":"https:\/\/ecolesaintetheresesulniac.com\/index.php\/wp-json\/wp\/v2\/comments?post=73"}],"version-history":[{"count":10,"href":"https:\/\/ecolesaintetheresesulniac.com\/index.php\/wp-json\/wp\/v2\/pages\/73\/revisions"}],"predecessor-version":[{"id":604,"href":"https:\/\/ecolesaintetheresesulniac.com\/index.php\/wp-json\/wp\/v2\/pages\/73\/revisions\/604"}],"wp:attachment":[{"href":"https:\/\/ecolesaintetheresesulniac.com\/index.php\/wp-json\/wp\/v2\/media?parent=73"}],"curies":[{"name":"wp","href":"https:\/\/api.w.org\/{rel}","templated":true}]}}